{"id":70,"date":"2018-09-15T13:14:46","date_gmt":"2018-09-15T10:14:46","guid":{"rendered":"http:\/\/smilesign.com.tr\/?page_id=70"},"modified":"2020-01-09T13:31:12","modified_gmt":"2020-01-09T10:31:12","slug":"hakkimizda","status":"publish","type":"page","link":"https:\/\/smilesign.com.tr\/index.php\/hakkimizda\/","title":{"rendered":"Hakk\u0131m\u0131zda"},"content":{"rendered":"<p><img loading=\"lazy\" decoding=\"async\" class=\"aligncenter wp-image-1041 size-large\" src=\"https:\/\/smilesign.com.tr\/wp-content\/uploads\/2020\/01\/IMG_3518-1024x683.jpg\" alt=\"\" width=\"1024\" height=\"683\" srcset=\"https:\/\/smilesign.com.tr\/wp-content\/uploads\/2020\/01\/IMG_3518-1024x683.jpg 1024w, https:\/\/smilesign.com.tr\/wp-content\/uploads\/2020\/01\/IMG_3518-300x200.jpg 300w, https:\/\/smilesign.com.tr\/wp-content\/uploads\/2020\/01\/IMG_3518-768x512.jpg 768w, https:\/\/smilesign.com.tr\/wp-content\/uploads\/2020\/01\/IMG_3518-1536x1024.jpg 1536w, https:\/\/smilesign.com.tr\/wp-content\/uploads\/2020\/01\/IMG_3518-2048x1365.jpg 2048w\" sizes=\"(max-width: 1024px) 100vw, 1024px\" \/><\/p>\n<p>2000 y\u0131l\u0131ndan bu g\u00fcne, i\u00e7 ve d\u0131\u015f mekan reklamc\u0131l\u0131k alan\u0131nda hizmet sunan Sentez Reklam; Modern teknolojisi, h\u0131zl\u0131 uygulama a\u011f\u0131 ve 90 ki\u015filik nitelikli kadrosu ile 5000 m2 lik fabrikas\u0131nda sekt\u00f6r\u00fcn \u00f6n de gelen kurulu\u015flar\u0131ndan biri olmaya devam etmektedir.<br \/>\n\u00d6l\u00e7\u00fcmle ba\u015flayan \u00e7al\u0131\u015fma disiplini, uygulama ile bitip, m\u00fc\u015fteri memnuniyetinden emin olundu\u011fu ana kadar ayn\u0131 titizlik ile devam eder. Do\u011fru \u00e7\u00f6z\u00fcmler ile her t\u00fcrl\u00fc hizmet ve destek anlay\u0131\u015f\u0131, sat\u0131\u015f sonras\u0131nda da etkili olmaktad\u0131r. I\u015f\u0131kl\u0131 ve \u0131\u015f\u0131ks\u0131z tabelalar, kutu harf reklamlar\u0131, \u00fcr\u00fcn te\u015fhir standlar\u0131, dijital bask\u0131 ve uygulamalar\u0131, ara\u00e7 giydirme, cephe giydirmeleri, \u00e7at\u0131 ve yol panolar\u0131, totemler, y\u00f6nlendirme levhalar\u0131, ma\u011faza tasar\u0131m ve uygulamalar\u0131 ile t\u00fcm kurumsal tan\u0131t\u0131m hizmetlerin de faaliyet g\u00f6steren Sentez Reklam; 2018 y\u0131l\u0131 itibar\u0131 ile Yurt d\u0131\u015f\u0131ndaki meslekta\u015flar\u0131na \u00fcretim alan\u0131nda \u00e7\u00f6z\u00fcm orta\u011f\u0131 olarak SmileSign markas\u0131n\u0131 kurmu\u015ftur.<br \/>\nSmileSign, Sentez reklam kalitesi ve \u00fcretim h\u0131z\u0131 \u0130le yurtd\u0131\u015f\u0131nda sadece reklam tabela \u00fcreticileri ve reklam ajanslar\u0131n\u0131n T\u00fcrkiye deki \u00fcretim tesisi mant\u0131\u011f\u0131 ile kapsaml\u0131 ve profesyonel yap\u0131s\u0131yla \u00e7\u00f6z\u00fcm orta\u011f\u0131n\u0131z olmaya haz\u0131r. Geli\u015fen d\u00fcnya ya ayak uydurabilmek ve sekt\u00f6r\u00fcn ihtiya\u00e7lar\u0131na en do\u011fru \u00e7\u00f6z\u00fcmleri sunabilmek i\u00e7in, detayc\u0131 kalite anlay\u0131\u015f\u0131n\u0131 hi\u00e7bir durumda elden b\u0131rakmayan SmileSign, her zaman \u00e7al\u0131\u015fma arkada\u015f\u0131n\u0131z ve \u00e7\u00f6z\u00fcm orta\u011f\u0131n\u0131z olacakt\u0131r.<\/p>\n","protected":false},"excerpt":{"rendered":"<p>2000 y\u0131l\u0131ndan bu g\u00fcne, i\u00e7 ve d\u0131\u015f mekan reklamc\u0131l\u0131k alan\u0131nda hizmet sunan Sentez Reklam; Modern teknolojisi, h\u0131zl\u0131 uygulama a\u011f\u0131 ve 90 ki\u015filik nitelikli kadrosu ile 5000 m2 lik fabrikas\u0131nda sekt\u00f6r\u00fcn \u00f6n de gelen kurulu\u015flar\u0131ndan biri olmaya devam etmektedir. \u00d6l\u00e7\u00fcmle ba\u015flayan \u00e7al\u0131\u015fma disiplini, uygulama ile bitip, m\u00fc\u015fteri memnuniyetinden emin olundu\u011fu ana kadar ayn\u0131 titizlik ile devam [&hellip;]<\/p>\n","protected":false},"author":1,"featured_media":0,"parent":0,"menu_order":0,"comment_status":"closed","ping_status":"closed","template":"","meta":{"footnotes":""},"_links":{"self":[{"href":"https:\/\/smilesign.com.tr\/index.php\/wp-json\/wp\/v2\/pages\/70"}],"collection":[{"href":"https:\/\/smilesign.com.tr\/index.php\/wp-json\/wp\/v2\/pages"}],"about":[{"href":"https:\/\/smilesign.com.tr\/index.php\/wp-json\/wp\/v2\/types\/page"}],"author":[{"embeddable":true,"href":"https:\/\/smilesign.com.tr\/index.php\/wp-json\/wp\/v2\/users\/1"}],"replies":[{"embeddable":true,"href":"https:\/\/smilesign.com.tr\/index.php\/wp-json\/wp\/v2\/comments?post=70"}],"version-history":[{"count":20,"href":"https:\/\/smilesign.com.tr\/index.php\/wp-json\/wp\/v2\/pages\/70\/revisions"}],"predecessor-version":[{"id":1045,"href":"https:\/\/smilesign.com.tr\/index.php\/wp-json\/wp\/v2\/pages\/70\/revisions\/1045"}],"wp:attachment":[{"href":"https:\/\/smilesign.com.tr\/index.php\/wp-json\/wp\/v2\/media?parent=70"}],"curies":[{"name":"wp","href":"https:\/\/api.w.org\/{rel}","templated":true}]}}